{"id":9616,"date":"2022-02-10T20:23:46","date_gmt":"2022-02-10T19:23:46","guid":{"rendered":"https:\/\/www.ambinskis.com\/informativa-cookie\/"},"modified":"2022-06-10T17:17:06","modified_gmt":"2022-06-10T15:17:06","slug":"informativa-cookie","status":"publish","type":"page","link":"https:\/\/www.ambinskis.com\/en\/informativa-cookie\/","title":{"rendered":"Cookie information"},"content":{"rendered":"<div class=\"wpb-content-wrapper\">[vc_row el_class=&#8221;p-b&#8221;][vc_column][vc_column_text]\n<h4>Information pursuant to art. 13 of Legislative Decree 196 of 30 June 2003<\/h4>\n<p>Pursuant to art. 13 of the Legislative Decree. 196\/2003, containing provisions regarding the protection of personal data, we wish to inform you that the data you voluntarily provided to <strong>AMBIN SRL<\/strong> will be processed by the same adopting the appropriate measures to guarantee security and confidentiality, in compliance with the aforementioned legislation.<\/p>\n<h5>Purposes and methods of data processing<\/h5>\n<p>Cookies are short strings of text that are sent by the site server to the user&#8217;s \/ visitor&#8217;s browser and are automatically saved on the user&#8217;s \/ visitor&#8217;s PC.<br \/>\nAlmost all browsers are set to accept cookies, however the user \/ visitor can independently change the configuration of their browser and block cookies.<\/p>\n<h5>How to disable cookies (opt-out)<\/h5>\n<p>You can deny consent to the use of cookies by selecting the appropriate setting on your browser.<br \/>\nThere is also the possibility of controlling the sending of cookies to specific third-party services, for more information, please refer to the individual information.<\/p>\n<h5>Specific configurations on some browsers:<\/h5>\n<ul>\n<li><a href=\"http:\/\/windows.microsoft.com\/it-it\/windows-vista\/block-or-allow-cookies\" target=\"_blank\" rel=\"noopener noreferrer\">Internet Explorer<\/a><\/li>\n<li><a href=\"https:\/\/support.apple.com\/it-it\/HT201265\" target=\"_blank\" rel=\"noopener noreferrer\">Safari<\/a><\/li>\n<li><a href=\"https:\/\/support.google.com\/accounts\/answer\/61416?hl=it\" target=\"_blank\" rel=\"noopener noreferrer\">Google Chrome<\/a><\/li>\n<li><a href=\"https:\/\/support.mozilla.org\/it\/kb\/Attivare%20e%20disattivare%20i%20cookie\" target=\"_blank\" rel=\"noopener noreferrer\">Mozilla Firefox<\/a><\/li>\n<li><a href=\"http:\/\/help.opera.com\/Windows\/10.00\/it\/cookies.html\" target=\"_blank\" rel=\"noopener noreferrer\">Opera<\/a><\/li>\n<\/ul>\n<p>In general, it is sufficient to access the settings section of the browser used and select the privacy or security item. Finally set the desired choice regarding the acceptance of cookies.<\/p>\n<h5>Cookies used on <a href=\"https:\/\/www.ambinskis.com\/en\/\">ambinskis.com<\/a><\/h5>\n<p>This site uses monitoring cookies for site access statistics of the following third parties:<\/p>\n\n<table id=\"tablepress-5\" class=\"tablepress tablepress-id-5\">\n<thead>\n<tr class=\"row-1 odd\">\n\t<th class=\"column-1\">Terza parte<\/th><th class=\"column-2\">Servizio<\/th><th class=\"column-3\">Descrizione<\/th>\n<\/tr>\n<\/thead>\n<tbody>\n<tr class=\"row-2 even\">\n\t<td class=\"column-1\"><strong>Google<\/strong><br \/>\n<a href=\"http:\/\/www.google.com\/privacy\" target=\"_blank\" rel=\"noopener noreferrer\">Informativa sulla privacy<\/a><\/td><td class=\"column-2\">Google Analytics<\/td><td class=\"column-3\">Servizio di analisi dei dati di navigazione con il fine di ricavare informazioni statistiche anonime sull'uso del sito. Utilizzato in tutte le pagine del sito.<br \/>\nPer maggiori informazioni, leggi <a href=\"https:\/\/support.google.com\/analytics\/topic\/2919631\">l'informativa di Google Analytics<\/a><\/td>\n<\/tr>\n<tr class=\"row-3 odd\">\n\t<td class=\"column-1\"><strong>Form o Modulo di Contatto<br \/>\n<\/strong>Dati non conservati<\/td><td class=\"column-2\">Nome, Cognome, email, telefono<\/td><td class=\"column-3\">L\u2019utente acconsente all\u2019utilizzo dei dati inseriti nel form di contatto al fine di rispondere alle richieste di preventivo, di informazione, o di qualunque altro motivo.<\/td>\n<\/tr>\n<tr class=\"row-4 even\">\n\t<td class=\"column-1\">Pulsante <strong>Mi Piace<\/strong> e servizi terzi di\u00a0<strong>Facebook, Inc.<br \/>\nUSA<\/strong> \u2013\u00a0<a href=\"http:\/\/www.facebook.com\/privacy\/explanation.php\" target=\"_blank\" rel=\"nofollow noopener noreferrer\">Privacy Policy<\/a> \u2013\u00a0<a href=\"https:\/\/www.facebook.com\/help\/cookies?ref_type=sitefooter\" target=\"_blank\" rel=\"nofollow noopener noreferrer\">Maggiori informazioni<\/a><\/td><td class=\"column-2\">Cookie e dati di utilizzo<\/td><td class=\"column-3\">Il pulsante \u201cMi Piace\u201d e i servizi di Facebook sono necessari all\u2019interazione con il social network Facebook e vengono forniti da Facebook, Inc.<\/td>\n<\/tr>\n<tr class=\"row-5 odd\">\n\t<td class=\"column-1\">Pulsante <strong>Tweet\u00a0<\/strong>e servizi terzi di\u00a0<strong>Twitter, Inc.<br \/>\nUSA<\/strong> \u2013\u00a0<a href=\"http:\/\/twitter.com\/privacy\" target=\"_blank\" rel=\"nofollow noopener noreferrer\">Privacy Policy<\/a> \u2013 <a href=\"https:\/\/support.twitter.com\/articles\/20170519-uso-dei-cookie-e-di-altre-tecnologie-simili-da-parte-di-twitter#\" target=\"_blank\" rel=\"nofollow noopener noreferrer\">Maggiori informazioni<\/a><\/td><td class=\"column-2\">Cookie e dati di utilizzo<\/td><td class=\"column-3\">Il pulsante \u201cTweet\u201d e i servizi correlati sono necessari all\u2019interazione con il social network Twitter e vengono forniti da Twitter, Inc.<\/td>\n<\/tr>\n<tr class=\"row-6 even\">\n\t<td class=\"column-1\"><strong>Youtube<\/strong> e servizi terzi di\u00a0<strong>Google Inc.<br \/>\nUSA<\/strong> \u2013\u00a0<a href=\"http:\/\/www.google.com\/intl\/it\/policies\/privacy\/\" target=\"_blank\" rel=\"nofollow noopener noreferrer\">Privacy Policy<\/a> \u2013 <a href=\"https:\/\/www.google.com\/settings\/u\/0\/ads?hl=it&amp;sig=ACi0TCiGVtQo3-M6KWk-W9FLb2ibvVcinVf7QTocMi5pUGsx67qs34yjO2h6N2SfsAAN4bWW9lfY8Zj7PH8epB-TcvIHMSktGnGK9X2FszgcREeCvlRtHrzTtukXpeZgZUx-LeGXWH8JBDW-N24XPdYuAd6ezwnQxl4OFxY_ROB7YMnFRBrDJ2w\" target=\"_blank\" rel=\"nofollow noopener noreferrer\">Opt in<\/a><\/td><td class=\"column-2\">Cookie e dati di utilizzo<\/td><td class=\"column-3\">Youtube \u00e8 un social network dedicato alla visualizzazione di contenuti video ed \u00e8 gestito da Google Inc. con la possibilit\u00e0 di integrare i contenuti all\u2019interno delle proprie pagine.<\/td>\n<\/tr>\n<tr class=\"row-7 odd\">\n\t<td class=\"column-1\">Pulsante\u00a0<strong>Google+<\/strong> e servizi terzi di\u00a0<strong>Google Inc.<br \/>\nUSA<\/strong> \u2013\u00a0<a href=\"http:\/\/www.google.com\/intl\/it\/policies\/privacy\/\" target=\"_blank\" rel=\"nofollow noopener noreferrer\">Privacy Policy<\/a> \u2013 <a href=\"https:\/\/www.google.com\/settings\/u\/0\/ads?hl=it&amp;sig=ACi0TCiGVtQo3-M6KWk-W9FLb2ibvVcinVf7QTocMi5pUGsx67qs34yjO2h6N2SfsAAN4bWW9lfY8Zj7PH8epB-TcvIHMSktGnGK9X2FszgcREeCvlRtHrzTtukXpeZgZUx-LeGXWH8JBDW-N24XPdYuAd6ezwnQxl4OFxY_ROB7YMnFRBrDJ2w\" target=\"_blank\" rel=\"nofollow noopener noreferrer\">Opt in<\/a><\/td><td class=\"column-2\">Cookie e dati di utilizzo<\/td><td class=\"column-3\">Il pulsante \u201c+1\u2033 e i servizi correlati a Google+ sono necessari all\u2019interazione con il social network Google Plus e vengono forniti da Google, Inc.<\/td>\n<\/tr>\n<tr class=\"row-8 even\">\n\t<td class=\"column-1\"><strong>Vimeo<\/strong> di <strong>Vimeo, LLC<br \/>\nUSA<\/strong> \u2013\u00a0<a href=\"http:\/\/vimeo.com\/privacy\" target=\"_blank\" rel=\"nofollow noopener noreferrer\">Privacy Policy<\/a><\/td><td class=\"column-2\">Cookie e dati di utilizzo<\/td><td class=\"column-3\">Vimeo \u00e8 un social network dedicato alla visualizzazione di contenuti video ed \u00e8 gestito da Vimeo, LLC con la possibilit\u00e0 di integrare i contenuti all\u2019interno delle proprie pagine.<\/td>\n<\/tr>\n<tr class=\"row-9 odd\">\n\t<td class=\"column-1\"><strong>Google Fonts\u00a0<\/strong>servizio di\u00a0<strong>Google Inc.<br \/>\nUSA<\/strong> \u2013 <a href=\"http:\/\/automattic.com\/privacy\/\" target=\"_blank\" rel=\"nofollow noopener noreferrer\">Privacy Policy<\/a><\/td><td class=\"column-2\">Cookie e dati di utilizzo<\/td><td class=\"column-3\">Google Fonts \u00e8 un servizio che permette di inglobare e visualizzare stili di carattere personalizzati ed \u00e8 gestito da da Google Inc.<\/td>\n<\/tr>\n<\/tbody>\n<\/table>\n<!-- #tablepress-5 from cache -->\n<h5>FAQ REGARDING INFORMATION AND CONSENT FOR THE USE OF COOKIES<\/h5>\n<p><strong>SourceGarantePrivacy<\/strong><strong><br \/>\n<\/strong><em><a href=\"http:\/\/www.garanteprivacy.it\/web\/guest\/home\/docweb\/-\/docweb-display\/docweb\/2142939\" target=\"_blank\" rel=\"noopener noreferrer\">https:\/\/www.garanteprivacy.it\/web\/guest\/home\/docweb\/-\/docweb-display\/docweb\/3585077<\/a><\/em><\/p>\n<p><strong>WHAT COOKIE IS THIS?<\/strong><br \/>\n<em><a href=\"http:\/\/cookiepedia.co.uk\/about-cookiepedia\" target=\"_blank\" rel=\"noopener noreferrer\">http:\/\/cookiepedia.co.uk\/about-cookiepedia<\/a><\/em><\/p>\n<h5>Third party websites and services<\/h5>\n<p>The site may contain links to other external websites that have their own privacy policy.<br \/>\n<strong>AMBIN SRL<\/strong> is not responsible for the data processing carried out by such sites.<\/p>\n<h5>Optional supply of data<\/h5>\n<p>Apart from that specified for navigation data and cookies, the user is free to provide personal data contained in the forms or forms present on the site or indicated in the event of contacts, communications or to access specific services.<\/p>\n<h5>Data processing<\/h5>\n<p>The treatments will be carried out both manually and with the aid of electronic or automated means, and include, in compliance with the limits and conditions set by art. 11 of the Legislative Decree. 196\/2003, all the operations, or set of operations, indicated in art. 4 paragraph 1 letter. a) Legislative Decree 196\/2003: collection, registration, organization, conservation, consultation, processing, modification, selection, extraction, comparison, use, interconnection, blocking, communication, cancellation and destruction of data.<\/p>\n<h5>Communication and dissemination of data<\/h5>\n<p>The data collected will not be disseminated or communicated to third parties, except in the cases provided for by the information and \/ or by the law and, in any case, in the manner permitted by them.<br \/>\nThe data may be disclosed to the data processors or persons in charge of the processing, within the scope of their respective functions and in accordance with the instructions received, only for the achievement of the specific purposes indicated in this statement.<\/p>\n<h5>Rights of the interested party<\/h5>\n<p>With regard to such data, the rights provided for by art. 7 of Legislative Decree. 196\/2003, within the limits and under the conditions provided for by art. 8, 9 and 10 of the aforementioned legislative decree, by sending an email to the address <a href=\"mailto:info@ambinskis.com\">info@ambinskis.com<\/a>.<\/p>\n<h5>Holder of the treatment<\/h5>\n<p>The data controller is <strong>AMBIN SRL<br \/>\n<\/strong>with registered office in Via Pietro Micca, 20 &#8211; 10122 &#8211; Turin.[\/vc_column_text][\/vc_column][\/vc_row]\n<\/div>","protected":false},"excerpt":{"rendered":"<p>[vc_row el_class=&#8221;p-b&#8221;][vc_column][vc_column_text] Information pursuant to art. 13 of Legislative Decree 196 of 30 June 2003 Pursuant to art. 13 of the Legislative Decree. 196\/2003, containing provisions regarding the protection of personal data, we wish to inform you that the data you voluntarily provided to AMBIN SRL will be processed by the same adopting the appropriate&hellip;<\/p>\n","protected":false},"author":1,"featured_media":0,"parent":0,"menu_order":102,"comment_status":"closed","ping_status":"closed","template":"page-default.php","meta":{"footnotes":""},"class_list":["post-9616","page","type-page","status-publish","hentry"],"_links":{"self":[{"href":"https:\/\/www.ambinskis.com\/en\/wp-json\/wp\/v2\/pages\/9616","targetHints":{"allow":["GET"]}}],"collection":[{"href":"https:\/\/www.ambinskis.com\/en\/wp-json\/wp\/v2\/pages"}],"about":[{"href":"https:\/\/www.ambinskis.com\/en\/wp-json\/wp\/v2\/types\/page"}],"author":[{"embeddable":true,"href":"https:\/\/www.ambinskis.com\/en\/wp-json\/wp\/v2\/users\/1"}],"replies":[{"embeddable":true,"href":"https:\/\/www.ambinskis.com\/en\/wp-json\/wp\/v2\/comments?post=9616"}],"version-history":[{"count":12,"href":"https:\/\/www.ambinskis.com\/en\/wp-json\/wp\/v2\/pages\/9616\/revisions"}],"predecessor-version":[{"id":10321,"href":"https:\/\/www.ambinskis.com\/en\/wp-json\/wp\/v2\/pages\/9616\/revisions\/10321"}],"wp:attachment":[{"href":"https:\/\/www.ambinskis.com\/en\/wp-json\/wp\/v2\/media?parent=9616"}],"curies":[{"name":"wp","href":"https:\/\/api.w.org\/{rel}","templated":true}]}}